{"id":13026,"date":"2021-08-26T12:26:53","date_gmt":"2021-08-26T11:26:53","guid":{"rendered":"https:\/\/stage.vivalagaia.com\/seznam-zelja\/"},"modified":"2023-04-27T19:20:56","modified_gmt":"2023-04-27T18:20:56","slug":"seznam-zelja","status":"publish","type":"page","link":"https:\/\/stage.vivalagaia.com\/sl\/seznam-zelja\/","title":{"rendered":"Seznam \u017eelja"},"content":{"rendered":"\t\t\n\t\t\n\t\t<div class=\"\">\n\t\t\t\t\t\t<div class=\"wd-wishlist-content\">\n\t\t\t\t\t\t\t\t\t\t\t\n\t\t<p class=\"wd-empty-wishlist wd-empty-page\">\n\t\t\tVa\u0161 seznam je prazen\t\t<\/p>\n\n\t\t\t\t\t<div class=\"wd-empty-page-text\">\n\t\t\t\tNa seznamu \u017eelja \u0161e nimate nobenega izdelka. <br> V na\u0161i E-trgovini boste na\u0161li veliko zanimivih izdelkov.\t\t\t<\/div>\n\t\t\n\t\t\n\t\t\t\t\t<p class=\"return-to-shop\">\n\t\t\t\t<a class=\"button\" href=\"https:\/\/stage.vivalagaia.com\/sl\/produkti\/\">\n\t\t\t\t\tNazaj v trgovino\t\t\t\t<\/a>\n\t\t\t<\/p>\n\t\t\t\t\t\t\t\t\t\t\t<\/div>\n\t\t\t\t<\/div>\n\t\t\n","protected":false},"excerpt":{"rendered":"","protected":false},"author":1,"featured_media":0,"parent":0,"menu_order":0,"comment_status":"closed","ping_status":"closed","template":"","meta":[],"_links":{"self":[{"href":"https:\/\/stage.vivalagaia.com\/sl\/wp-json\/wp\/v2\/pages\/13026"}],"collection":[{"href":"https:\/\/stage.vivalagaia.com\/sl\/wp-json\/wp\/v2\/pages"}],"about":[{"href":"https:\/\/stage.vivalagaia.com\/sl\/wp-json\/wp\/v2\/types\/page"}],"author":[{"embeddable":true,"href":"https:\/\/stage.vivalagaia.com\/sl\/wp-json\/wp\/v2\/users\/1"}],"replies":[{"embeddable":true,"href":"https:\/\/stage.vivalagaia.com\/sl\/wp-json\/wp\/v2\/comments?post=13026"}],"version-history":[{"count":1,"href":"https:\/\/stage.vivalagaia.com\/sl\/wp-json\/wp\/v2\/pages\/13026\/revisions"}],"predecessor-version":[{"id":13027,"href":"https:\/\/stage.vivalagaia.com\/sl\/wp-json\/wp\/v2\/pages\/13026\/revisions\/13027"}],"wp:attachment":[{"href":"https:\/\/stage.vivalagaia.com\/sl\/wp-json\/wp\/v2\/media?parent=13026"}],"curies":[{"name":"wp","href":"https:\/\/api.w.org\/{rel}","templated":true}]}}